{"id":878,"date":"2025-11-04T13:02:28","date_gmt":"2025-11-04T19:02:28","guid":{"rendered":"https:\/\/safetransferscancuntulum.com\/?page_id=878"},"modified":"2026-03-07T13:39:50","modified_gmt":"2026-03-07T19:39:50","slug":"servicio-aeropuerto-tulum","status":"publish","type":"page","link":"https:\/\/safetransferscancuntulum.com\/en\/servicio-aeropuerto-tulum\/","title":{"rendered":"Aeropuerto Tulum"},"content":{"rendered":"<div class=\"wp-block-stackable-columns alignfull stk-block-columns stk-block stk-64fe829 stk-block-background stk--has-background-overlay\" data-block-id=\"64fe829\"><style>.stk-64fe829 {background-image:url(http:\/\/safetransferscancuntulum.com\/wp-content\/uploads\/2025\/11\/f4a199b8-26c4-4505-b82b-f5296c2f6e3b.jpg) !important;min-height:400px !important;align-items:center !important;padding-top:var(--stk--preset--spacing--70, 3.38rem) !important;padding-right:var(--stk--preset--spacing--70, 3.38rem) !important;padding-bottom:var(--stk--preset--spacing--70, 3.38rem) !important;padding-left:var(--stk--preset--spacing--70, 3.38rem) !important;margin-bottom:0px !important;display:flex !important;}.stk-64fe829:before{background-color:#000000 !important;opacity:0.6 !important;}<\/style><div class=\"stk-row stk-inner-blocks stk-block-content stk-content-align stk-64fe829-column alignwide\">\n<div class=\"wp-block-stackable-column stk-block-column stk-column stk-block stk-e7a947b\" data-v=\"4\" data-block-id=\"e7a947b\"><div class=\"stk-column-wrapper stk-block-column__content stk-container stk-e7a947b-container stk--no-background stk--no-padding\"><div class=\"stk-block-content stk-inner-blocks stk-e7a947b-inner-blocks\">\n<div class=\"wp-block-stackable-heading stk-block-heading stk-block-heading--v2 stk-block stk-9ca4695\" id=\"heading-placeholder\" data-block-id=\"9ca4695\"><style>.stk-9ca4695 .stk-block-heading__text{color:#ffffff !important;}<\/style><h3 class=\"stk-block-heading__text has-text-color\">&#8220;Transporte Privado aeropuerto Tulum&#8221;<\/h3><\/div>\n\n\n\n<div class=\"wp-block-stackable-text stk-block-text stk-block stk-2c8b60c\" data-block-id=\"2c8b60c\"><style>.stk-2c8b60c {margin-bottom:0px !important;}.stk-2c8b60c .stk-block-text__text{color:#ffffff !important;}<\/style><p class=\"stk-block-text__text has-text-color\">Bienvenido a taxi y transfers Tulum, su servicio confiable de transporte privado desde el aeropuerto Tulum hacia hoteles, resort y destinos tur\u00edsticos  en toda la Riviera maya. <\/p><\/div>\n\n\n\n<p class=\"has-palette-color-6-color has-text-color has-link-color wp-elements-b5b4b089a97ebe6ffb6b60e0de7d5157\">Ofrecemos traslados seguros, c\u00f3modos y puntuales para que su llegada a Tulum sea una experiencia tranquila y sin preocupaciones: Transfers privados, servicios puntual, viaje seguro y c\u00f3modo.<\/p>\n\n\n\n<p class=\"has-palette-color-8-color has-text-color has-link-color wp-elements-a4d80c40db26315057e7dcf815720bbb\">Al llegar al aeropuerto de Tulum, nuestro conductor profesional lo recibir\u00e1 para trasladarlo directamente a su destino. Ofrecemos transporte privado hacia: <\/p>\n\n\n\n<p class=\"has-palette-color-8-color has-text-color has-link-color wp-elements-85ea402ce18f4ee76d02db344f27a3bd\">1. Hoteles en Tulum.<\/p>\n\n\n\n<p class=\"has-palette-color-6-color has-text-color has-link-color wp-elements-0d8422040ae9a92328edd4c81232a78b\">2. Zona hotelera de Tulum.<\/p>\n\n\n\n<p class=\"has-palette-color-6-color has-text-color has-link-color wp-elements-3fca8dd740748a4c6c309574ddea9eb1\">3. Resort en playa del Carmen.<\/p>\n\n\n\n<p class=\"has-palette-color-6-color has-text-color has-link-color wp-elements-c9aeb36ab9ae6c12da78626087c85adc\">4. Traslados a Canc\u00fan.<\/p>\n\n\n\n<p class=\"has-palette-color-6-color has-text-color has-link-color wp-elements-6f2ea1d629a1dd841412ecbdf5014328\">5. Tours por la Riviera maya.<\/p>\n\n\n\n<p class=\"has-palette-color-8-color has-text-color has-link-color wp-elements-490de6cc108b7825a07f11f0c58eebe5\">Ofrecemos transporte hacia los principales destinos turisticos del caribe mexicano, incluyendo:<\/p>\n\n\n\n<p class=\"has-palette-color-8-color has-text-color has-link-color wp-elements-fceae0fcdf50f6f43c747e50acfe6103\">*Traslados aeropuerto Canc\u00fan &#8211; Zona Hotelera Tulum &#8211; Centro de Tulum.<\/p>\n\n\n\n<p class=\"has-palette-color-8-color has-text-color has-link-color wp-elements-d201f30c2e81278fe9afffe63c757afd\">*Transporte Privado Zona Hotelera Tulum &#8211; Centro Tulum &#8211; Riviera Maya.<\/p>\n\n\n\n<p class=\"has-palette-color-8-color has-text-color has-link-color wp-elements-44b7fc1a9ab5b8f9a1bc842cb9c28cfb\">*Transfers Tulum &#8211; Playa del Carmen.<\/p>\n\n\n\n<p class=\"has-palette-color-8-color has-text-color has-link-color wp-elements-587cd272699f6d68d290c7d8e3cea24e\">Nuestros veh\u00edculos est\u00e1n equipados con aire acondicionado, espacio para equipaje y asientos c\u00f3modos, garantizando una experiencia de viaje agradable.<\/p>\n<\/div><\/div><\/div>\n<\/div><\/div>\n\n\n\n<div class=\"wp-block-stackable-columns stk-block-columns stk-block stk-717d3df\" data-block-id=\"717d3df\"><div class=\"stk-row stk-inner-blocks stk-block-content stk-content-align stk-717d3df-column\">\n<div class=\"wp-block-stackable-column stk-block-column stk-column stk-block stk-9ca3e67\" data-v=\"4\" data-block-id=\"9ca3e67\"><div class=\"stk-column-wrapper stk-block-column__content stk-container stk-9ca3e67-container stk--no-background stk--no-padding\"><div class=\"stk-block-content stk-inner-blocks stk-9ca3e67-inner-blocks\">\n<figure class=\"wp-block-image size-full\"><img loading=\"lazy\" decoding=\"async\" width=\"1170\" height=\"646\" src=\"https:\/\/safetransferscancuntulum.com\/wp-content\/uploads\/2025\/11\/imagen-10.jpg\" alt=\"\" class=\"wp-image-882\" srcset=\"https:\/\/safetransferscancuntulum.com\/wp-content\/uploads\/2025\/11\/imagen-10.jpg 1170w, https:\/\/safetransferscancuntulum.com\/wp-content\/uploads\/2025\/11\/imagen-10-300x166.jpg 300w, https:\/\/safetransferscancuntulum.com\/wp-content\/uploads\/2025\/11\/imagen-10-1024x565.jpg 1024w, https:\/\/safetransferscancuntulum.com\/wp-content\/uploads\/2025\/11\/imagen-10-768x424.jpg 768w\" sizes=\"auto, (max-width: 1170px) 100vw, 1170px\" \/><\/figure>\n<\/div><\/div><\/div>\n\n\n\n<div class=\"wp-block-stackable-column stk-block-column stk-column stk-block stk-ef42684\" data-v=\"4\" data-block-id=\"ef42684\"><div class=\"stk-column-wrapper stk-block-column__content stk-container stk-ef42684-container stk--no-background stk--no-padding\"><div class=\"stk-block-content stk-inner-blocks stk-ef42684-inner-blocks\">\n<div class=\"wp-block-stackable-image stk-block-image has-text-align-center stk-block stk-66c08cc\" data-block-id=\"66c08cc\"><style>.stk-66c08cc .stk-img-wrapper{width:100% !important;height:160px !important;}<\/style><figure><span class=\"stk-img-wrapper stk-image--shape-stretch\"><img loading=\"lazy\" decoding=\"async\" class=\"stk-img wp-image-884\" src=\"http:\/\/safetransferscancuntulum.com\/wp-content\/uploads\/2025\/11\/imagen-13-1.jpg\" width=\"1600\" height=\"900\" srcset=\"https:\/\/safetransferscancuntulum.com\/wp-content\/uploads\/2025\/11\/imagen-13-1.jpg 1600w, https:\/\/safetransferscancuntulum.com\/wp-content\/uploads\/2025\/11\/imagen-13-1-300x169.jpg 300w, https:\/\/safetransferscancuntulum.com\/wp-content\/uploads\/2025\/11\/imagen-13-1-1024x576.jpg 1024w, https:\/\/safetransferscancuntulum.com\/wp-content\/uploads\/2025\/11\/imagen-13-1-768x432.jpg 768w, https:\/\/safetransferscancuntulum.com\/wp-content\/uploads\/2025\/11\/imagen-13-1-1536x864.jpg 1536w\" sizes=\"auto, (max-width: 1600px) 100vw, 1600px\" \/><\/span><\/figure><\/div>\n<\/div><\/div><\/div>\n\n\n\n<div class=\"wp-block-stackable-column stk-block-column stk-column stk-block stk-27d79dc\" data-v=\"4\" data-block-id=\"27d79dc\"><div class=\"stk-column-wrapper stk-block-column__content stk-container stk-27d79dc-container stk--no-background stk--no-padding\"><div class=\"stk-block-content stk-inner-blocks stk-27d79dc-inner-blocks\">\n<div class=\"wp-block-stackable-image stk-block-image stk-block stk-2cfc256\" data-block-id=\"2cfc256\"><style>.stk-2cfc256 .stk-img-wrapper{width:79% !important;height:160px !important;}<\/style><figure><span class=\"stk-img-wrapper stk-image--shape-stretch\"><img loading=\"lazy\" decoding=\"async\" class=\"stk-img wp-image-976\" src=\"http:\/\/safetransferscancuntulum.com\/wp-content\/uploads\/2025\/11\/cee921e0-5ca4-43f6-93ed-5ade30e3ea68.jpg\" width=\"1280\" height=\"960\" srcset=\"https:\/\/safetransferscancuntulum.com\/wp-content\/uploads\/2025\/11\/cee921e0-5ca4-43f6-93ed-5ade30e3ea68.jpg 1280w, https:\/\/safetransferscancuntulum.com\/wp-content\/uploads\/2025\/11\/cee921e0-5ca4-43f6-93ed-5ade30e3ea68-300x225.jpg 300w, https:\/\/safetransferscancuntulum.com\/wp-content\/uploads\/2025\/11\/cee921e0-5ca4-43f6-93ed-5ade30e3ea68-1024x768.jpg 1024w, https:\/\/safetransferscancuntulum.com\/wp-content\/uploads\/2025\/11\/cee921e0-5ca4-43f6-93ed-5ade30e3ea68-768x576.jpg 768w\" sizes=\"auto, (max-width: 1280px) 100vw, 1280px\" \/><\/span><\/figure><\/div>\n<\/div><\/div><\/div>\n<\/div><\/div>\n\n\n\n<div class=\"wp-block-stackable-columns stk-block-columns stk-block stk-a1e994a\" data-block-id=\"a1e994a\"><div class=\"stk-row stk-inner-blocks stk-block-content stk-content-align stk-a1e994a-column\">\n<div class=\"wp-block-stackable-column stk-block-column stk-column stk-block stk-5abdea4\" data-v=\"4\" data-block-id=\"5abdea4\"><div class=\"stk-column-wrapper stk-block-column__content stk-container stk-5abdea4-container stk--no-background stk--no-padding\"><div class=\"stk-block-content stk-inner-blocks stk-5abdea4-inner-blocks\">\n<p class=\"has-text-align-center has-palette-color-8-color has-vivid-green-cyan-background-color has-text-color has-background has-link-color has-medium-font-size wp-elements-020445dd306cefa4d4410c14897c6da4\"><strong>Transporte privado en Tulum &#8211; Traslados al aeropuerto Tulum<\/strong><\/p>\n\n\n\n<p>Nuestra agencia de transporte ofrece servicios privados confiables, c\u00f3modos a hoteles y destinos en la Riviera Maya. Nos especializamos en:<\/p>\n\n\n\n<ol class=\"wp-block-list\">\n<li>Traslados desde el aeropuerto de Tulum a hoteles en Tulum.<\/li>\n\n\n\n<li>Transporte entre Tulum y Canc\u00fan.<\/li>\n\n\n\n<li>Servicio de taxi privado en la Riviera Maya.<\/li>\n\n\n\n<li>Tours a cenotes, playas y ruinas mayas.<\/li>\n<\/ol>\n\n\n\n<p>Nuestro objetivo es brindar transporte seguro, c\u00f3modo y puntual a todos los viajeros que visitan el caribe Mexicano.<\/p>\n\n\n\n<div class=\"wp-block-stackable-text stk-block-text stk-block stk-b96f93d\" data-block-id=\"b96f93d\"><style>.stk-b96f93d .stk-block-text__text{font-size:var(--stk--preset--font-size--medium, 20px) !important;}@media screen and (max-width:999px){.stk-b96f93d .stk-block-text__text{font-size:var(--stk--preset--font-size--medium, 20px) !important;}}<\/style><p class=\"stk-block-text__text has-text-align-center\"><strong>Transporte privado y seguro desde el aeropuerto de Tulum y Riviera Maya: Puntualidad, c\u00f3modo y seguro 24\/7.<\/strong><\/p><\/div>\n<\/div><\/div><\/div>\n<\/div><\/div>\n\n\n\n<div class=\"wp-block-stackable-columns stk-block-columns stk-block stk-c9a0425\" data-block-id=\"c9a0425\"><div class=\"stk-row stk-inner-blocks stk-block-content stk-content-align stk-c9a0425-column\">\n<div class=\"wp-block-stackable-column stk-block-column stk-column stk-block stk-5473871\" data-v=\"4\" data-block-id=\"5473871\"><style>@media screen and (min-width:690px){.stk-5473871 {flex:var(--stk-flex-grow, 1) 1 calc(16.8% - var(--stk-column-gap, 0px) * 2 \/ 3 ) !important;}}<\/style><div class=\"stk-column-wrapper stk-block-column__content stk-container stk-5473871-container stk--no-background stk--no-padding\"><div class=\"stk-block-content stk-inner-blocks stk-5473871-inner-blocks\">\n<div class=\"wp-block-stackable-image stk-block-image stk-block stk-85e59c8\" data-block-id=\"85e59c8\"><style>.stk-85e59c8 .stk-img-wrapper{width:100% !important;height:199px !important;}<\/style><figure><span class=\"stk-img-wrapper stk-image--shape-stretch\"><img loading=\"lazy\" decoding=\"async\" class=\"stk-img wp-image-973\" src=\"http:\/\/safetransferscancuntulum.com\/wp-content\/uploads\/2025\/11\/ec472f89-b2e5-43e9-9da7-7b1c8a5ee7b2.jpg\" width=\"1200\" height=\"1600\" srcset=\"https:\/\/safetransferscancuntulum.com\/wp-content\/uploads\/2025\/11\/ec472f89-b2e5-43e9-9da7-7b1c8a5ee7b2.jpg 1200w, https:\/\/safetransferscancuntulum.com\/wp-content\/uploads\/2025\/11\/ec472f89-b2e5-43e9-9da7-7b1c8a5ee7b2-225x300.jpg 225w, https:\/\/safetransferscancuntulum.com\/wp-content\/uploads\/2025\/11\/ec472f89-b2e5-43e9-9da7-7b1c8a5ee7b2-768x1024.jpg 768w, https:\/\/safetransferscancuntulum.com\/wp-content\/uploads\/2025\/11\/ec472f89-b2e5-43e9-9da7-7b1c8a5ee7b2-1152x1536.jpg 1152w\" sizes=\"auto, (max-width: 1200px) 100vw, 1200px\" \/><\/span><\/figure><\/div>\n<\/div><\/div><\/div>\n\n\n\n<div class=\"wp-block-stackable-column stk-block-column stk-column stk-block stk-5c0022e\" data-v=\"4\" data-block-id=\"5c0022e\"><style>@media screen and (min-width:690px){.stk-5c0022e {flex:var(--stk-flex-grow, 1) 1 calc(65.1% - var(--stk-column-gap, 0px) * 2 \/ 3 ) !important;}}<\/style><div class=\"stk-column-wrapper stk-block-column__content stk-container stk-5c0022e-container stk--no-background stk--no-padding\"><div class=\"stk-block-content stk-inner-blocks stk-5c0022e-inner-blocks\">\n<div class=\"wp-block-stackable-image stk-block-image stk-block stk-c8b47fa\" data-block-id=\"c8b47fa\"><style>.stk-c8b47fa .stk-img-wrapper{width:100% !important;height:554px !important;}<\/style><figure><span class=\"stk-img-wrapper stk-image--shape-stretch\"><img loading=\"lazy\" decoding=\"async\" class=\"stk-img wp-image-886\" src=\"http:\/\/safetransferscancuntulum.com\/wp-content\/uploads\/2025\/11\/spots.jpg\" width=\"1170\" height=\"1170\" srcset=\"https:\/\/safetransferscancuntulum.com\/wp-content\/uploads\/2025\/11\/spots.jpg 1170w, https:\/\/safetransferscancuntulum.com\/wp-content\/uploads\/2025\/11\/spots-300x300.jpg 300w, https:\/\/safetransferscancuntulum.com\/wp-content\/uploads\/2025\/11\/spots-1024x1024.jpg 1024w, https:\/\/safetransferscancuntulum.com\/wp-content\/uploads\/2025\/11\/spots-150x150.jpg 150w, https:\/\/safetransferscancuntulum.com\/wp-content\/uploads\/2025\/11\/spots-768x768.jpg 768w\" sizes=\"auto, (max-width: 1170px) 100vw, 1170px\" \/><\/span><\/figure><\/div>\n<\/div><\/div><\/div>\n\n\n\n<div class=\"wp-block-stackable-column stk-block-column stk-column stk-block stk-3250ad2\" data-v=\"4\" data-block-id=\"3250ad2\"><style>@media screen and (min-width:690px){.stk-3250ad2 {flex:var(--stk-flex-grow, 1) 1 calc(18.1% - var(--stk-column-gap, 0px) * 2 \/ 3 ) !important;}}<\/style><div class=\"stk-column-wrapper stk-block-column__content stk-container stk-3250ad2-container stk--no-background stk--no-padding\"><div class=\"stk-block-content stk-inner-blocks stk-3250ad2-inner-blocks\">\n<div class=\"wp-block-stackable-image stk-block-image stk-block stk-850f6da\" data-block-id=\"850f6da\"><style>.stk-850f6da .stk-img-wrapper{width:100% !important;height:199px !important;}<\/style><figure><span class=\"stk-img-wrapper stk-image--shape-stretch\"><img loading=\"lazy\" decoding=\"async\" class=\"stk-img wp-image-974\" src=\"http:\/\/safetransferscancuntulum.com\/wp-content\/uploads\/2025\/11\/e4982e71-93c0-445b-b1b8-5ca525753b12.jpg\" width=\"900\" height=\"1600\" srcset=\"https:\/\/safetransferscancuntulum.com\/wp-content\/uploads\/2025\/11\/e4982e71-93c0-445b-b1b8-5ca525753b12.jpg 900w, https:\/\/safetransferscancuntulum.com\/wp-content\/uploads\/2025\/11\/e4982e71-93c0-445b-b1b8-5ca525753b12-169x300.jpg 169w, https:\/\/safetransferscancuntulum.com\/wp-content\/uploads\/2025\/11\/e4982e71-93c0-445b-b1b8-5ca525753b12-576x1024.jpg 576w, https:\/\/safetransferscancuntulum.com\/wp-content\/uploads\/2025\/11\/e4982e71-93c0-445b-b1b8-5ca525753b12-768x1365.jpg 768w, https:\/\/safetransferscancuntulum.com\/wp-content\/uploads\/2025\/11\/e4982e71-93c0-445b-b1b8-5ca525753b12-864x1536.jpg 864w\" sizes=\"auto, (max-width: 900px) 100vw, 900px\" \/><\/span><\/figure><\/div>\n<\/div><\/div><\/div>\n<\/div><\/div>\n\n\n\n<p><\/p>","protected":false},"excerpt":{"rendered":"<p>&#8220;Transporte Privado aeropuerto Tulum&#8221; Bienvenido a taxi y transfers Tulum, su servicio confiable de transporte privado desde el aeropuerto Tulum hacia hoteles, resort y destinos tur\u00edsticos en toda la Riviera maya. Ofrecemos traslados seguros, c\u00f3modos y puntuales para que su llegada a Tulum sea una experiencia tranquila y sin preocupaciones: Transfers privados, servicios puntual, viaje [&hellip;]<\/p>\n","protected":false},"author":1,"featured_media":0,"parent":0,"menu_order":0,"comment_status":"closed","ping_status":"closed","template":"","meta":{"footnotes":""},"class_list":["post-878","page","type-page","status-publish","hentry"],"blocksy_meta":[],"_hostinger_reach_plugin_has_subscription_block":false,"_hostinger_reach_plugin_is_elementor":false,"_links":{"self":[{"href":"https:\/\/safetransferscancuntulum.com\/en\/wp-json\/wp\/v2\/pages\/878","targetHints":{"allow":["GET"]}}],"collection":[{"href":"https:\/\/safetransferscancuntulum.com\/en\/wp-json\/wp\/v2\/pages"}],"about":[{"href":"https:\/\/safetransferscancuntulum.com\/en\/wp-json\/wp\/v2\/types\/page"}],"author":[{"embeddable":true,"href":"https:\/\/safetransferscancuntulum.com\/en\/wp-json\/wp\/v2\/users\/1"}],"replies":[{"embeddable":true,"href":"https:\/\/safetransferscancuntulum.com\/en\/wp-json\/wp\/v2\/comments?post=878"}],"version-history":[{"count":10,"href":"https:\/\/safetransferscancuntulum.com\/en\/wp-json\/wp\/v2\/pages\/878\/revisions"}],"predecessor-version":[{"id":1092,"href":"https:\/\/safetransferscancuntulum.com\/en\/wp-json\/wp\/v2\/pages\/878\/revisions\/1092"}],"wp:attachment":[{"href":"https:\/\/safetransferscancuntulum.com\/en\/wp-json\/wp\/v2\/media?parent=878"}],"curies":[{"name":"wp","href":"https:\/\/api.w.org\/{rel}","templated":true}]}}