{"id":851,"date":"2025-11-04T09:49:18","date_gmt":"2025-11-04T15:49:18","guid":{"rendered":"https:\/\/safetransferscancuntulum.com\/?page_id=851"},"modified":"2026-03-25T15:29:42","modified_gmt":"2026-03-25T21:29:42","slug":"851-2","status":"publish","type":"page","link":"https:\/\/safetransferscancuntulum.com\/en\/851-2\/","title":{"rendered":"Aeropuerto Canc\u00fan"},"content":{"rendered":"<div class=\"wp-block-stackable-columns alignfull stk-block-columns stk-block stk-64fe829 stk-block-background stk--has-background-overlay\" data-block-id=\"64fe829\"><style>.stk-64fe829 {background-image:url(http:\/\/safetransferscancuntulum.com\/wp-content\/uploads\/2025\/11\/auto-14.jpg) !important;min-height:400px !important;align-items:center !important;padding-top:var(--stk--preset--spacing--70, 3.38rem) !important;padding-right:var(--stk--preset--spacing--70, 3.38rem) !important;padding-bottom:var(--stk--preset--spacing--70, 3.38rem) !important;padding-left:var(--stk--preset--spacing--70, 3.38rem) !important;margin-bottom:0px !important;display:flex !important;}.stk-64fe829:before{background-color:#000000 !important;opacity:0.6 !important;}<\/style><div class=\"stk-row stk-inner-blocks stk-block-content stk-content-align stk-64fe829-column alignwide\">\n<div class=\"wp-block-stackable-column stk-block-column stk-column stk-block stk-9b55092\" data-v=\"4\" data-block-id=\"9b55092\"><div class=\"stk-column-wrapper stk-block-column__content stk-container stk-9b55092-container stk--no-background stk--no-padding\"><div class=\"stk-block-content stk-inner-blocks stk-9b55092-inner-blocks\">\n<div class=\"wp-block-stackable-heading stk-block-heading stk-block-heading--v2 stk-block stk-9aca1d7\" id=\"heading-placeholder\" data-block-id=\"9aca1d7\"><style>.stk-9aca1d7 .stk-block-heading__text{color:#ffffff !important;}<\/style><h2 class=\"stk-block-heading__text has-text-color\">Traslados Aeropuerto Canc\u00fan &#8211; Zona Hotelera Canc\u00fan &#8211; Precios online<\/h2><\/div>\n\n\n\n<p><\/p>\n\n\n\n<div class=\"wp-block-stackable-text stk-block-text stk-block stk-65aee1f\" data-block-id=\"65aee1f\"><style>.stk-65aee1f .stk-block-text__text{color:#ffffff !important;}<\/style><p class=\"stk-block-text__text has-text-color\">En Safe transfers Canc\u00fan te ofrecemos el mejor servicio de traslado privado y seguro desde el aeropuerto internacional de Canc\u00fan hacia la zona hotelera. Disfruta de un viaje c\u00f3modo, puntual y sin complicaciones, con unidades modernas, limpias y totalmente climatizadas. <\/p><\/div>\n\n\n\n<p class=\"has-palette-color-8-color has-text-color has-link-color wp-elements-049da03e27eab7887a7b2670c6c61cbf\">Nuestros conductores profesionales y biling\u00fces te esperan a tu llegada para llevarte directamente a tu hotel, sin esperas ni tarifas sorpresas. Nos distinguimos por ofrecer precios claros y competitivos, con la posibilidad de consultar y reservar en l\u00ednea f\u00e1cilmente. Ya sea que viajes por vacaciones o negocios, con traslados seguros Canc\u00fan, tendr\u00e1s la tranquilidad de contar con un servicio confiable, seguro y personalizado, disponible la 24\/7.<\/p>\n<\/div><\/div><\/div>\n<\/div><\/div>\n\n\n\n<div class=\"wp-block-stackable-columns alignfull stk-block-columns stk-block stk-0359e53\" data-block-id=\"0359e53\"><style>.stk-0359e53 {margin-top:var(--stk--preset--spacing--70, 3.38rem) !important;margin-bottom:var(--stk--preset--spacing--70, 3.38rem) !important;}<\/style><div class=\"stk-row stk-inner-blocks stk-block-content stk-content-align stk-0359e53-column alignwide\">\n<div class=\"wp-block-stackable-column stk-block-column stk-column stk-block stk-9534723\" data-v=\"4\" data-block-id=\"9534723\"><div class=\"stk-column-wrapper stk-block-column__content stk-container stk-9534723-container stk--no-background stk--no-padding\"><div class=\"stk-block-content stk-inner-blocks stk-9534723-inner-blocks\">\n<div class=\"wp-block-stackable-heading stk-block-heading stk-block-heading--v2 stk-block stk-ee02194\" id=\"heading-placeholder\" data-block-id=\"ee02194\"><h2 class=\"stk-block-heading__text has-text-align-center\">&#8220;Transporte Seguro Aeropuertos Canc\u00fan &#8211; Zona Hotelera Canc\u00fan &#8211; Riviera Maya&#8221;<\/h2><\/div>\n\n\n\n<div class=\"wp-block-stackable-text stk-block-text stk-block stk-f75e410\" data-block-id=\"f75e410\"><style>.stk-f75e410 .stk-block-text__text{font-size:var(--stk--preset--font-size--medium, 20px) !important;}@media screen and (max-width:999px){.stk-f75e410 .stk-block-text__text{font-size:var(--stk--preset--font-size--medium, 20px) !important;}}<\/style><p class=\"stk-block-text__text has-text-align-center\">Servicio de Transporte Seguro &#8211; Transporte Privado &#8211; Servicio de Hoteles &#8211; Aeropuerto Inter. Canc\u00fan<\/p><\/div>\n\n\n\n<div class=\"wp-block-stackable-columns stk-block-columns stk-block stk-20e8b2c\" data-block-id=\"20e8b2c\"><div class=\"stk-row stk-inner-blocks stk-block-content stk-content-align stk-20e8b2c-column\">\n<div class=\"wp-block-stackable-column stk-block-column stk-column stk-block stk-8925487\" data-v=\"4\" data-block-id=\"8925487\"><div class=\"stk-column-wrapper stk-block-column__content stk-container stk-8925487-container stk--no-background stk--no-padding\"><div class=\"stk-block-content stk-inner-blocks stk-8925487-inner-blocks\">\n<div class=\"wp-block-stackable-card stk-block-card stk-block stk-6839c35 is-style-default\" data-v=\"2\" data-block-id=\"6839c35\"><div class=\"stk--no-padding stk-container stk-6839c35-container stk-hover-parent\"><figure class=\"stk-block-card__image stk-img-wrapper stk-image--shape-stretch\"><img loading=\"lazy\" decoding=\"async\" class=\"stk-img wp-image-859\" src=\"http:\/\/safetransferscancuntulum.com\/wp-content\/uploads\/2025\/11\/imagen-29.jpg\" width=\"1280\" height=\"960\" srcset=\"https:\/\/safetransferscancuntulum.com\/wp-content\/uploads\/2025\/11\/imagen-29.jpg 1280w, https:\/\/safetransferscancuntulum.com\/wp-content\/uploads\/2025\/11\/imagen-29-300x225.jpg 300w, https:\/\/safetransferscancuntulum.com\/wp-content\/uploads\/2025\/11\/imagen-29-1024x768.jpg 1024w, https:\/\/safetransferscancuntulum.com\/wp-content\/uploads\/2025\/11\/imagen-29-768x576.jpg 768w\" sizes=\"auto, (max-width: 1280px) 100vw, 1280px\" \/><\/figure><div class=\"stk-container-padding stk-block-card__content\"><div class=\"stk-block-content stk-inner-blocks stk-6839c35-inner-blocks\">\n<div class=\"wp-block-stackable-heading stk-block-heading stk-block-heading--v2 stk-block stk-7418984\" id=\"c-title-1-placeholder\" data-block-id=\"7418984\"><h4 class=\"stk-block-heading__text has-text-align-center\">Servicio de transporte de aeropuerto Canc\u00fan &#8211; hoteles<\/h4><\/div>\n\n\n\n<div class=\"wp-block-stackable-subtitle stk-block-subtitle stk-block stk-776efb2\" data-block-id=\"776efb2\"><p class=\"stk-block-subtitle__text stk-subtitle\">Transporte Seguro &#8211; puntual<\/p><\/div>\n\n\n\n<div class=\"wp-block-stackable-text stk-block-text stk-block stk-b5da9ae\" data-block-id=\"b5da9ae\"><p class=\"stk-block-text__text\">En safe transfers Canc\u00fan ofrecemos servicios privados, seguros y puntuales desde el aeropuerto internacional Canc\u00fan hasta la Riviera Maya, Hoteles y Viceversa. Nuestro Compromiso es brindarle una experiencia de viaje c\u00f3moda, confiable y sin demoras, para que disfrutes tu llegada al caribe mexicano con total tranquilidad.<\/p><\/div>\n<\/div><\/div><\/div><\/div>\n<\/div><\/div><\/div>\n\n\n\n<div class=\"wp-block-stackable-column stk-block-column stk-column stk-block stk-79d020c\" data-v=\"4\" data-block-id=\"79d020c\"><div class=\"stk-column-wrapper stk-block-column__content stk-container stk-79d020c-container stk--no-background stk--no-padding\"><div class=\"stk-block-content stk-inner-blocks stk-79d020c-inner-blocks\">\n<div class=\"wp-block-stackable-card stk-block-card stk-block stk-b86afcd is-style-default\" data-v=\"2\" data-block-id=\"b86afcd\"><div class=\"stk--no-padding stk-container stk-b86afcd-container stk-hover-parent\"><figure class=\"stk-block-card__image stk-img-wrapper stk-image--shape-stretch\"><img loading=\"lazy\" decoding=\"async\" class=\"stk-img wp-image-860\" src=\"http:\/\/safetransferscancuntulum.com\/wp-content\/uploads\/2025\/11\/imagen-11.jpg\" width=\"1600\" height=\"900\" srcset=\"https:\/\/safetransferscancuntulum.com\/wp-content\/uploads\/2025\/11\/imagen-11.jpg 1600w, https:\/\/safetransferscancuntulum.com\/wp-content\/uploads\/2025\/11\/imagen-11-300x169.jpg 300w, https:\/\/safetransferscancuntulum.com\/wp-content\/uploads\/2025\/11\/imagen-11-1024x576.jpg 1024w, https:\/\/safetransferscancuntulum.com\/wp-content\/uploads\/2025\/11\/imagen-11-768x432.jpg 768w, https:\/\/safetransferscancuntulum.com\/wp-content\/uploads\/2025\/11\/imagen-11-1536x864.jpg 1536w\" sizes=\"auto, (max-width: 1600px) 100vw, 1600px\" \/><\/figure><div class=\"stk-container-padding stk-block-card__content\"><div class=\"stk-block-content stk-inner-blocks stk-b86afcd-inner-blocks\">\n<div class=\"wp-block-stackable-heading stk-block-heading stk-block-heading--v2 stk-block stk-d11d08f\" id=\"c-title-2-placeholder\" data-block-id=\"d11d08f\"><h4 class=\"stk-block-heading__text has-text-align-center\">Servicio de SUV de zona Hotelera Canc\u00fan &#8211; Riviera Maya<\/h4><\/div>\n\n\n\n<div class=\"wp-block-stackable-subtitle stk-block-subtitle stk-block stk-b5d996b\" data-block-id=\"b5d996b\"><p class=\"stk-block-subtitle__text stk-subtitle has-text-align-center\">Transportes Limpios &#8211; chofer amables<\/p><\/div>\n\n\n\n<div class=\"wp-block-stackable-text stk-block-text stk-block stk-f32be76\" data-block-id=\"f32be76\"><p class=\"stk-block-text__text\">Contamos con Veh\u00edculos modernos, espaciosos y climatizados, ideales para viajeros individuales, parejas, familias o grupos. Todos nuestros conductores son profesionales, amables y conocedores de la zona Riviera Maya, garantizando un servicio eficiente y cordial. Evita esperas y precios ocultos: Con Safe Transfers Canc\u00fan puedes reserva f\u00e1cilmente tu traslado en l\u00ednea, con tarifas claras y atenci\u00f3n las 24 horas.<\/p><\/div>\n<\/div><\/div><\/div><\/div>\n<\/div><\/div><\/div>\n\n\n\n<div class=\"wp-block-stackable-column stk-block-column stk-column stk-block stk-3ae64b5\" data-v=\"4\" data-block-id=\"3ae64b5\"><div class=\"stk-column-wrapper stk-block-column__content stk-container stk-3ae64b5-container stk--no-background stk--no-padding\"><div class=\"stk-block-content stk-inner-blocks stk-3ae64b5-inner-blocks\">\n<div class=\"wp-block-stackable-card stk-block-card stk-block stk-fa3b446 is-style-default\" data-v=\"2\" data-block-id=\"fa3b446\"><div class=\"stk--no-padding stk-container stk-fa3b446-container stk-hover-parent\"><figure class=\"stk-block-card__image stk-img-wrapper stk-image--shape-stretch\"><img loading=\"lazy\" decoding=\"async\" class=\"stk-img wp-image-861\" src=\"http:\/\/safetransferscancuntulum.com\/wp-content\/uploads\/2025\/11\/imagen-28.jpg\" width=\"1170\" height=\"913\" srcset=\"https:\/\/safetransferscancuntulum.com\/wp-content\/uploads\/2025\/11\/imagen-28.jpg 1170w, https:\/\/safetransferscancuntulum.com\/wp-content\/uploads\/2025\/11\/imagen-28-300x234.jpg 300w, https:\/\/safetransferscancuntulum.com\/wp-content\/uploads\/2025\/11\/imagen-28-1024x799.jpg 1024w, https:\/\/safetransferscancuntulum.com\/wp-content\/uploads\/2025\/11\/imagen-28-768x599.jpg 768w\" sizes=\"auto, (max-width: 1170px) 100vw, 1170px\" \/><\/figure><div class=\"stk-container-padding stk-block-card__content\"><div class=\"stk-block-content stk-inner-blocks stk-fa3b446-inner-blocks\">\n<div class=\"wp-block-stackable-heading stk-block-heading stk-block-heading--v2 stk-block stk-041e31b\" id=\"c-title-3-placeholder\" data-block-id=\"041e31b\"><h4 class=\"stk-block-heading__text has-text-align-center\">Servicio Privado V.I.P. de traslados Canc\u00fan &#8211; Aeropuerto Canc\u00fan<\/h4><\/div>\n\n\n\n<div class=\"wp-block-stackable-subtitle stk-block-subtitle stk-block stk-506a085\" data-block-id=\"506a085\"><p class=\"stk-block-subtitle__text stk-subtitle\">Aire acondicionado &#8211; aguas, refrescos Fr\u00edos Durante el viaje<\/p><\/div>\n\n\n\n<div class=\"wp-block-stackable-text stk-block-text stk-block stk-620d4e5\" data-block-id=\"620d4e5\"><p class=\"stk-block-text__text\">En Safe Transfers te ofrecemos un servicio de transporte V.I.P. dise\u00f1ado para quienes buscan confort, exclusividad y atenci\u00f3n personalizada en cada trayecto. Disfruta de traslados privadosy seguros desde tu llegada al aeropuerto Canc\u00fan hacia tu hotel de destino, playa del Carmen y Riviera Maya con la elegancia y comodidad que mereces.<\/p><\/div>\n<\/div><\/div><\/div><\/div>\n<\/div><\/div><\/div>\n<\/div><\/div>\n<\/div><\/div><\/div>\n<\/div><\/div>\n\n\n\n<div class=\"wp-block-stackable-columns stk-block-columns stk-block stk-2fc929a\" data-block-id=\"2fc929a\"><div class=\"stk-row stk-inner-blocks stk-block-content stk-content-align stk-2fc929a-column\">\n<div class=\"wp-block-stackable-column stk-block-column stk-column stk-block stk-f925422\" data-v=\"4\" data-block-id=\"f925422\"><div class=\"stk-column-wrapper stk-block-column__content stk-container stk-f925422-container stk--no-background stk--no-padding\"><div class=\"stk-block-content stk-inner-blocks stk-f925422-inner-blocks\">\n<div class=\"wp-block-stackable-text stk-block-text stk-block stk-0306c51\" data-block-id=\"0306c51\"><style>.stk-0306c51 .stk-block-text__text{font-size:var(--stk--preset--font-size--large, 30px) !important;}@media screen and (max-width:999px){.stk-0306c51 .stk-block-text__text{font-size:var(--stk--preset--font-size--large, 30px) !important;}}<\/style><p class=\"stk-block-text__text\"><strong>Nuestras unidades V.I.P. cuentan con: <\/strong><\/p><\/div>\n\n\n\n<p class=\"has-medium-font-size\">*Aire acondicionado para un viaje fresco y confortable.<\/p>\n\n\n\n<p class=\"has-medium-font-size\">*Refrescos y aguas Fr\u00edas de Cortes\u00eda durante tu traslado.<\/p>\n\n\n\n<p class=\"has-medium-font-size\">*Espacio amplio y veh\u00edculos modernos, ideales para familias, parejas o grupos selectos.<\/p>\n\n\n\n<p class=\"has-medium-font-size\">*Conductores profesionales y biling\u00fces, comprometidos con la puntualidad, seguridad y el mejor servicio.<\/p>\n<\/div><\/div><\/div>\n<\/div><\/div>\n\n\n\n<div class=\"wp-block-stackable-columns stk-block-columns stk-block stk-b954959\" data-block-id=\"b954959\"><style>.stk-b954959 {margin-bottom:0px !important;}<\/style><div class=\"stk-row stk-inner-blocks stk-block-content stk-content-align stk-b954959-column\">\n<div class=\"wp-block-stackable-column stk-block-column stk-column stk-block stk-e585936\" data-v=\"4\" data-block-id=\"e585936\"><div class=\"stk-column-wrapper stk-block-column__content stk-container stk-e585936-container stk--no-background stk--no-padding\"><div class=\"stk-block-content stk-inner-blocks stk-e585936-inner-blocks\">\n<div class=\"wp-block-stackable-text stk-block-text stk-block stk-069a44c\" data-block-id=\"069a44c\"><style>.stk-069a44c .stk-block-text__text{font-size:var(--stk--preset--font-size--large, 30px) !important;}@media screen and (max-width:999px){.stk-069a44c .stk-block-text__text{font-size:var(--stk--preset--font-size--large, 30px) !important;}}<\/style><p class=\"stk-block-text__text has-text-align-center\">&#8220;Experiencias de viajes&#8221; Safe Transfer Canc\u00fan <\/p><\/div>\n\n\n\n<div class=\"wp-block-stackable-columns stk-block-columns stk-block stk-0b51d97\" data-block-id=\"0b51d97\"><div class=\"stk-row stk-inner-blocks stk-block-content stk-content-align stk-0b51d97-column\">\n<div class=\"wp-block-stackable-column stk-block-column stk-column stk-block stk-2fcc1c6\" data-v=\"4\" data-block-id=\"2fcc1c6\"><div class=\"stk-column-wrapper stk-block-column__content stk-container stk-2fcc1c6-container stk--no-background stk--no-padding\"><div class=\"stk-block-content stk-inner-blocks stk-2fcc1c6-inner-blocks\">\n<div class=\"wp-block-stackable-image stk-block-image stk-block stk-1be5120\" data-block-id=\"1be5120\"><figure><span class=\"stk-img-wrapper stk-image--shape-stretch\"><img loading=\"lazy\" decoding=\"async\" class=\"stk-img wp-image-870\" src=\"http:\/\/safetransferscancuntulum.com\/wp-content\/uploads\/2025\/11\/imagen-25.jpg\" width=\"900\" height=\"1600\" srcset=\"https:\/\/safetransferscancuntulum.com\/wp-content\/uploads\/2025\/11\/imagen-25.jpg 900w, https:\/\/safetransferscancuntulum.com\/wp-content\/uploads\/2025\/11\/imagen-25-169x300.jpg 169w, https:\/\/safetransferscancuntulum.com\/wp-content\/uploads\/2025\/11\/imagen-25-576x1024.jpg 576w, https:\/\/safetransferscancuntulum.com\/wp-content\/uploads\/2025\/11\/imagen-25-768x1365.jpg 768w, https:\/\/safetransferscancuntulum.com\/wp-content\/uploads\/2025\/11\/imagen-25-864x1536.jpg 864w\" sizes=\"auto, (max-width: 900px) 100vw, 900px\" \/><\/span><\/figure><\/div>\n<\/div><\/div><\/div>\n\n\n\n<div class=\"wp-block-stackable-column stk-block-column stk-column stk-block stk-d6f754f\" data-v=\"4\" data-block-id=\"d6f754f\"><div class=\"stk-column-wrapper stk-block-column__content stk-container stk-d6f754f-container stk--no-background stk--no-padding\"><div class=\"stk-block-content stk-inner-blocks stk-d6f754f-inner-blocks\">\n<div class=\"wp-block-stackable-image stk-block-image stk-block stk-1166ae8\" data-block-id=\"1166ae8\"><figure><span class=\"stk-img-wrapper stk-image--shape-stretch\"><img loading=\"lazy\" decoding=\"async\" class=\"stk-img wp-image-873\" src=\"http:\/\/safetransferscancuntulum.com\/wp-content\/uploads\/2025\/11\/imagen-27.jpg\" width=\"900\" height=\"1600\" srcset=\"https:\/\/safetransferscancuntulum.com\/wp-content\/uploads\/2025\/11\/imagen-27.jpg 900w, https:\/\/safetransferscancuntulum.com\/wp-content\/uploads\/2025\/11\/imagen-27-169x300.jpg 169w, https:\/\/safetransferscancuntulum.com\/wp-content\/uploads\/2025\/11\/imagen-27-576x1024.jpg 576w, https:\/\/safetransferscancuntulum.com\/wp-content\/uploads\/2025\/11\/imagen-27-768x1365.jpg 768w, https:\/\/safetransferscancuntulum.com\/wp-content\/uploads\/2025\/11\/imagen-27-864x1536.jpg 864w\" sizes=\"auto, (max-width: 900px) 100vw, 900px\" \/><\/span><\/figure><\/div>\n<\/div><\/div><\/div>\n\n\n\n<div class=\"wp-block-stackable-column stk-block-column stk-column stk-block stk-5c7092c\" data-v=\"4\" data-block-id=\"5c7092c\"><div class=\"stk-column-wrapper stk-block-column__content stk-container stk-5c7092c-container stk--no-background stk--no-padding\"><div class=\"stk-block-content stk-inner-blocks stk-5c7092c-inner-blocks\">\n<div class=\"wp-block-stackable-image stk-block-image stk-block stk-021bee4\" data-block-id=\"021bee4\"><figure><span class=\"stk-img-wrapper stk-image--shape-stretch\"><img loading=\"lazy\" decoding=\"async\" class=\"stk-img wp-image-875\" src=\"http:\/\/safetransferscancuntulum.com\/wp-content\/uploads\/2025\/11\/imagen-24.jpg\" width=\"900\" height=\"1600\" srcset=\"https:\/\/safetransferscancuntulum.com\/wp-content\/uploads\/2025\/11\/imagen-24.jpg 900w, https:\/\/safetransferscancuntulum.com\/wp-content\/uploads\/2025\/11\/imagen-24-169x300.jpg 169w, https:\/\/safetransferscancuntulum.com\/wp-content\/uploads\/2025\/11\/imagen-24-576x1024.jpg 576w, https:\/\/safetransferscancuntulum.com\/wp-content\/uploads\/2025\/11\/imagen-24-768x1365.jpg 768w, https:\/\/safetransferscancuntulum.com\/wp-content\/uploads\/2025\/11\/imagen-24-864x1536.jpg 864w\" sizes=\"auto, (max-width: 900px) 100vw, 900px\" \/><\/span><\/figure><\/div>\n<\/div><\/div><\/div>\n<\/div><\/div>\n<\/div><\/div><\/div>\n<\/div><\/div>\n\n\n\n<div class=\"wp-block-stackable-columns stk-block-columns stk-block stk-2d774d9\" data-block-id=\"2d774d9\"><div class=\"stk-row stk-inner-blocks stk-block-content stk-content-align stk-2d774d9-column\">\n<div class=\"wp-block-stackable-column stk-block-column stk-column stk-block stk-011afdc\" data-v=\"4\" data-block-id=\"011afdc\"><div class=\"stk-column-wrapper stk-block-column__content stk-container stk-011afdc-container stk--no-background stk--no-padding\"><div class=\"stk-block-content stk-inner-blocks stk-011afdc-inner-blocks\">\n<div class=\"wp-block-stackable-image stk-block-image stk-block stk-7e273dc\" data-block-id=\"7e273dc\"><figure><span class=\"stk-img-wrapper stk-image--shape-stretch\"><img loading=\"lazy\" decoding=\"async\" class=\"stk-img wp-image-982\" src=\"http:\/\/safetransferscancuntulum.com\/wp-content\/uploads\/2025\/11\/cee921e0-5ca4-43f6-93ed-5ade30e3ea68-1.jpg\" width=\"1280\" height=\"960\" srcset=\"https:\/\/safetransferscancuntulum.com\/wp-content\/uploads\/2025\/11\/cee921e0-5ca4-43f6-93ed-5ade30e3ea68-1.jpg 1280w, https:\/\/safetransferscancuntulum.com\/wp-content\/uploads\/2025\/11\/cee921e0-5ca4-43f6-93ed-5ade30e3ea68-1-300x225.jpg 300w, https:\/\/safetransferscancuntulum.com\/wp-content\/uploads\/2025\/11\/cee921e0-5ca4-43f6-93ed-5ade30e3ea68-1-1024x768.jpg 1024w, https:\/\/safetransferscancuntulum.com\/wp-content\/uploads\/2025\/11\/cee921e0-5ca4-43f6-93ed-5ade30e3ea68-1-768x576.jpg 768w\" sizes=\"auto, (max-width: 1280px) 100vw, 1280px\" \/><\/span><\/figure><\/div>\n<\/div><\/div><\/div>\n\n\n\n<div class=\"wp-block-stackable-column stk-block-column stk-column stk-block stk-2c34a71\" data-v=\"4\" data-block-id=\"2c34a71\"><div class=\"stk-column-wrapper stk-block-column__content stk-container stk-2c34a71-container stk--no-background stk--no-padding\"><div class=\"stk-block-content stk-inner-blocks stk-2c34a71-inner-blocks\">\n<div class=\"wp-block-stackable-image stk-block-image stk-block stk-cc2caf0\" data-block-id=\"cc2caf0\"><figure><span class=\"stk-img-wrapper stk-image--shape-stretch\"><img loading=\"lazy\" decoding=\"async\" class=\"stk-img wp-image-983\" src=\"http:\/\/safetransferscancuntulum.com\/wp-content\/uploads\/2025\/11\/97e61842-5cb3-464f-9e6e-bc706d363fa0.jpg\" width=\"1280\" height=\"960\" srcset=\"https:\/\/safetransferscancuntulum.com\/wp-content\/uploads\/2025\/11\/97e61842-5cb3-464f-9e6e-bc706d363fa0.jpg 1280w, https:\/\/safetransferscancuntulum.com\/wp-content\/uploads\/2025\/11\/97e61842-5cb3-464f-9e6e-bc706d363fa0-300x225.jpg 300w, https:\/\/safetransferscancuntulum.com\/wp-content\/uploads\/2025\/11\/97e61842-5cb3-464f-9e6e-bc706d363fa0-1024x768.jpg 1024w, https:\/\/safetransferscancuntulum.com\/wp-content\/uploads\/2025\/11\/97e61842-5cb3-464f-9e6e-bc706d363fa0-768x576.jpg 768w\" sizes=\"auto, (max-width: 1280px) 100vw, 1280px\" \/><\/span><\/figure><\/div>\n<\/div><\/div><\/div>\n<\/div><\/div>\n\n\n\n<p><\/p>","protected":false},"excerpt":{"rendered":"<p>Traslados Aeropuerto Canc\u00fan &#8211; Zona Hotelera Canc\u00fan &#8211; Precios online En Safe transfers Canc\u00fan te ofrecemos el mejor servicio de traslado privado y seguro desde el aeropuerto internacional de Canc\u00fan hacia la zona hotelera. Disfruta de un viaje c\u00f3modo, puntual y sin complicaciones, con unidades modernas, limpias y totalmente climatizadas. Nuestros conductores profesionales y biling\u00fces [&hellip;]<\/p>\n","protected":false},"author":1,"featured_media":0,"parent":0,"menu_order":0,"comment_status":"closed","ping_status":"closed","template":"","meta":{"footnotes":""},"class_list":["post-851","page","type-page","status-publish","hentry"],"blocksy_meta":[],"_hostinger_reach_plugin_has_subscription_block":false,"_hostinger_reach_plugin_is_elementor":false,"_links":{"self":[{"href":"https:\/\/safetransferscancuntulum.com\/en\/wp-json\/wp\/v2\/pages\/851","targetHints":{"allow":["GET"]}}],"collection":[{"href":"https:\/\/safetransferscancuntulum.com\/en\/wp-json\/wp\/v2\/pages"}],"about":[{"href":"https:\/\/safetransferscancuntulum.com\/en\/wp-json\/wp\/v2\/types\/page"}],"author":[{"embeddable":true,"href":"https:\/\/safetransferscancuntulum.com\/en\/wp-json\/wp\/v2\/users\/1"}],"replies":[{"embeddable":true,"href":"https:\/\/safetransferscancuntulum.com\/en\/wp-json\/wp\/v2\/comments?post=851"}],"version-history":[{"count":11,"href":"https:\/\/safetransferscancuntulum.com\/en\/wp-json\/wp\/v2\/pages\/851\/revisions"}],"predecessor-version":[{"id":1126,"href":"https:\/\/safetransferscancuntulum.com\/en\/wp-json\/wp\/v2\/pages\/851\/revisions\/1126"}],"wp:attachment":[{"href":"https:\/\/safetransferscancuntulum.com\/en\/wp-json\/wp\/v2\/media?parent=851"}],"curies":[{"name":"wp","href":"https:\/\/api.w.org\/{rel}","templated":true}]}}